{"id":9178,"date":"2020-12-30T16:52:22","date_gmt":"2020-12-30T16:52:22","guid":{"rendered":"http:\/\/old.aria-net.it\/?page_id=9178"},"modified":"2021-01-24T16:24:58","modified_gmt":"2021-01-24T16:24:58","slug":"qualita-dellaria","status":"publish","type":"page","link":"https:\/\/old.aria-net.it\/it\/aree-tematiche\/qualita-dellaria\/","title":{"rendered":"Qualit\u00e0 dell&#8217;Aria"},"content":{"rendered":"<p>[vc_row full_width=&#8221;stretch_row&#8221; parallax=&#8221;content-moving-fade&#8221; css=&#8221;.vc_custom_1605807915015{padding-top: 54px !important;padding-bottom: 70px !important;background-color: #ffffff !important;background-position: center;background-repeat: no-repeat;background-size:cover;}&#8221; el_class=&#8221;services-bg-image&#8221; el_id=&#8221;studi-qualita-aria&#8221;][vc_column el_class=&#8221;all-section-title&#8221;][vc_column_text]Uno degli elementi di maggiore novit\u00e0 introdotti dalla direttiva europea 2008\/50\/CE, relativa alla qualit\u00e0 dell\u2019aria ambiente e per un\u2019aria pi\u00f9 pulita in Europa (recepita in Italia dal DL 155), \u00e8 costituito dall\u2019apertura all\u2019utilizzo di tecniche di modellizzazione sia per integrare le informazioni fornite dalle reti di monitoraggio sia per la valutazione degli effetti di misure di controllo delle emissioni (piani di risanamento). L\u2019affidabilit\u00e0 e le potenzialit\u00e0 dei modelli numerici per la simulazione dei fenomeni di trasporto e trasformazione chimica degli inquinanti in atmosfera sono cresciute notevolmente in questi ultimi anni grazie all\u2019aumento delle nostre conoscenze sui meccanismi chimico-fisici operanti in atmosfera, all\u2019accessibilit\u00e0 a dati meteorologici ed inventari delle emissioni sempre pi\u00f9 completi ed alla disponibilit\u00e0 di calcolatori sempre pi\u00f9 veloci e potenti.<\/p>\n<p>La complessa fenomenologia composta dalle emissioni di inquinanti primari prodotte dalle attivit\u00e0 antropiche e fenomeni naturali, dalla dispersione e dalla loro trasformazione in atmosfera, viene simulata dai modelli numerici di\u00a0 qualit\u00e0 dell\u2019aria mediante l\u2019utilizzo di equazioni matematiche pi\u00f9 o meno complesse, al fine di poter stimare le concentrazioni dei diversi inquinanti in prossimit\u00e0 del suolo ed alle diverse quote all\u2019interno della troposfera (strato dell\u2019atmosfera che si estende fino a 10-12 km dal suolo).<\/p>\n<p>I risultati che si ottengono sono utilizzabili per meglio comprendere i diversi fattori che influiscono sulla salute della popolazione e sugli ecosistemi: politiche ambientali, fonti e modalit\u00e0 di esposizione, impatti sulla salute e sull\u2019ambiente.\u00a0 I componenti di un\u00a0<strong>sistema di valutazione integrata degli effetti ambientali e sanitari dell\u2019inquinamento atmosferico<\/strong>\u00a0sono: dati censuari della popolazione residente, inventario delle emissioni, reti di monitoraggio della qualit\u00e0 dell\u2019aria e modelli di dispersione degli inquinanti in atmosfera. La realizzazione di un tale sistema consente il raggiungimento dei seguenti obiettivi:<\/p>\n<ul>\n<li>valutare la situazione esistente mediante la costruzione di \u201cmappe\u201d di inquinamento in grado di coprire anche in aree per le quali non sono disponibili informazioni sperimentali;<\/li>\n<li>valutare il rapporto causa\/effetto tra le emissioni di una determinata sorgente e i livelli di inquinamento da essa prodotti;<\/li>\n<li>separare i contributi delle differenti sorgenti presenti sul territorio ai livelli di inquinamento osservati (\u201csource apportionment\u201d), individuare le sorgenti maggiormente rilevanti e le conseguenti politiche di mitigazione;<\/li>\n<li>confrontare differenti \u201cscenari emissivi\u201d e individuare, mediante l\u2019analisi costi-benefici, le soluzioni pi\u00f9 efficaci ai fini del miglioramento dello stato di qualit\u00e0 dell\u2019aria;<\/li>\n<li>valutare preventivamente l\u2019impatto ambientale di nuove opere (procedure di VIA).<\/li>\n<li>valutare l\u2019impatto di inquinanti non monitorati o troppo costosi da rilevare in continuo;<\/li>\n<li>prevedere eventi critici di inquinamento prodotti da situazioni meteorologiche particolarmente avverse alla diffusione degli inquinanti in atmosfera (calma di vento, stagnazione, ricircolo) o da eventi accidentali (incendi, eventi naturali).<\/li>\n<\/ul>\n<p>[\/vc_column_text][\/vc_column][\/vc_row][vc_row gap=&#8221;1&#8243; equal_height=&#8221;yes&#8221; content_placement=&#8221;top&#8221; css=&#8221;.vc_custom_1611505471228{background-color: #ffffff !important;background-position: 0 0 !important;background-repeat: no-repeat !important;}&#8221;][vc_column width=&#8221;1\/6&#8243;][vc_btn title=&#8221;FARM&#8221; style=&#8221;custom&#8221; custom_background=&#8221;#004986&#8243; custom_text=&#8221;#ffffff&#8221; align=&#8221;center&#8221; button_block=&#8221;true&#8221; link=&#8221;url:http%3A%2F%2Fold.aria-net.it%2Fit%2Fprodotti%2Ffarm%2F|title:Dati%20meteo&#8221;][\/vc_column][vc_column width=&#8221;1\/6&#8243;][vc_btn title=&#8221;Dati meteo&#8221; style=&#8221;custom&#8221; custom_background=&#8221;#004986&#8243; custom_text=&#8221;#ffffff&#8221; align=&#8221;center&#8221; button_block=&#8221;true&#8221; link=&#8221;url:http%3A%2F%2Fold.aria-net.it%2Fit%2Faree-tematiche%2Fdati-meteorologici%2F|title:Dati%20meteo&#8221;][\/vc_column][vc_column width=&#8221;1\/6&#8243;][vc_btn title=&#8221;Porti e Aeroporti&#8221; style=&#8221;custom&#8221; custom_background=&#8221;#004986&#8243; custom_text=&#8221;#ffffff&#8221; align=&#8221;center&#8221; button_block=&#8221;true&#8221; link=&#8221;url:http%3A%2F%2Fold.aria-net.it%2Fit%2Faree-tematiche%2Fporti-ed-aeroporti%2F|title:porti%20e%20aeroporti&#8221;][\/vc_column][vc_column width=&#8221;1\/6&#8243;][vc_btn title=&#8221;Scenari&#8221; style=&#8221;custom&#8221; custom_background=&#8221;#004986&#8243; custom_text=&#8221;#ffffff&#8221; align=&#8221;center&#8221; button_block=&#8221;true&#8221; link=&#8221;url:http%3A%2F%2Fold.aria-net.it%2Fit%2Faree-tematiche%2Felaborazione-di-scenari%2F|title:scenari&#8221;][\/vc_column][vc_column width=&#8221;1\/6&#8243;][vc_btn title=&#8221;Microscala&#8221; style=&#8221;custom&#8221; custom_background=&#8221;#004986&#8243; custom_text=&#8221;#ffffff&#8221; align=&#8221;center&#8221; button_block=&#8221;true&#8221; link=&#8221;url:http%3A%2F%2Fold.aria-net.it%2Fit%2Faree-tematiche%2Fmicroscala%2F|title:microscala&#8221;][\/vc_column][vc_column width=&#8221;1\/6&#8243;][vc_btn title=&#8221;SPRAY&#8221; style=&#8221;custom&#8221; custom_background=&#8221;#004986&#8243; custom_text=&#8221;#ffffff&#8221; align=&#8221;center&#8221; button_block=&#8221;true&#8221; link=&#8221;url:http%3A%2F%2Fold.aria-net.it%2Fit%2Fprodotti%2Fspray%2F|title:Dati%20meteo&#8221;][\/vc_column][\/vc_row][vc_row gap=&#8221;1&#8243; equal_height=&#8221;yes&#8221; content_placement=&#8221;top&#8221; css=&#8221;.vc_custom_1611505490713{background-color: #ffffff !important;background-position: 0 0 !important;background-repeat: no-repeat !important;}&#8221;][vc_column width=&#8221;1\/6&#8243;][vc_btn title=&#8221;Inventari&#8221; style=&#8221;custom&#8221; custom_background=&#8221;#004986&#8243; custom_text=&#8221;#ffffff&#8221; align=&#8221;center&#8221; button_block=&#8221;true&#8221; link=&#8221;url:http%3A%2F%2Fold.aria-net.it%2Fit%2Faree-tematiche%2Finventari-delle-emissioni%2F|title:inventari&#8221;][\/vc_column][vc_column width=&#8221;1\/6&#8243;][\/vc_column][vc_column width=&#8221;1\/6&#8243;][\/vc_column][vc_column width=&#8221;1\/6&#8243;][\/vc_column][vc_column width=&#8221;1\/6&#8243;][\/vc_column][vc_column width=&#8221;1\/6&#8243;][\/vc_column][\/vc_row]<\/p>\n","protected":false},"excerpt":{"rendered":"<p>[vc_row full_width=&#8221;stretch_row&#8221; parallax=&#8221;content-moving-fade&#8221; css=&#8221;.vc_custom_1605807915015{padding-top: 54px !important;padding-bottom: 70px !important;background-color: #ffffff !important;background-position: center;background-repeat: no-repeat;background-size:cover;}&#8221; el_class=&#8221;services-bg-image&#8221; el_id=&#8221;studi-qualita-aria&#8221;][vc_column el_class=&#8221;all-section-title&#8221;][vc_column_text]Uno degli elementi di maggiore novit\u00e0 introdotti dalla&#8230;<\/p>\n","protected":false},"author":1,"featured_media":0,"parent":8774,"menu_order":0,"comment_status":"closed","ping_status":"closed","template":"","meta":{"footnotes":""},"class_list":["post-9178","page","type-page","status-publish","hentry"],"_links":{"self":[{"href":"https:\/\/old.aria-net.it\/it\/wp-json\/wp\/v2\/pages\/9178","targetHints":{"allow":["GET"]}}],"collection":[{"href":"https:\/\/old.aria-net.it\/it\/wp-json\/wp\/v2\/pages"}],"about":[{"href":"https:\/\/old.aria-net.it\/it\/wp-json\/wp\/v2\/types\/page"}],"author":[{"embeddable":true,"href":"https:\/\/old.aria-net.it\/it\/wp-json\/wp\/v2\/users\/1"}],"replies":[{"embeddable":true,"href":"https:\/\/old.aria-net.it\/it\/wp-json\/wp\/v2\/comments?post=9178"}],"version-history":[{"count":36,"href":"https:\/\/old.aria-net.it\/it\/wp-json\/wp\/v2\/pages\/9178\/revisions"}],"predecessor-version":[{"id":9189,"href":"https:\/\/old.aria-net.it\/it\/wp-json\/wp\/v2\/pages\/9178\/revisions\/9189"}],"up":[{"embeddable":true,"href":"https:\/\/old.aria-net.it\/it\/wp-json\/wp\/v2\/pages\/8774"}],"wp:attachment":[{"href":"https:\/\/old.aria-net.it\/it\/wp-json\/wp\/v2\/media?parent=9178"}],"curies":[{"name":"wp","href":"https:\/\/api.w.org\/{rel}","templated":true}]}}