{"id":8672,"date":"2020-11-21T11:26:18","date_gmt":"2020-11-21T11:26:18","guid":{"rendered":"http:\/\/old.aria-net.it\/?page_id=8672"},"modified":"2020-12-30T09:50:55","modified_gmt":"2020-12-30T09:50:55","slug":"giornate-arianet","status":"publish","type":"page","link":"https:\/\/old.aria-net.it\/it\/news\/giornate-arianet\/","title":{"rendered":"Giornate ARIANET"},"content":{"rendered":"<p>[vc_row][vc_column]<div class=\"rs-blog-grid rs-blog \">\n\t\t\t\t\t<div class=\"row\"><div class=\"blog-item col-md-4 col-sm-12 col-xs-12\">\n\t\t\t\t\t\t<div class=\"bottom-shadow1\">\n\t\t\t\t\t\t\t<div class=\"blog-meta\">\n\t\t\t\t\t\t\t<h3 class=\"blog-title\"><a href=\"https:\/\/old.aria-net.it\/it\/?post_type=post&p=11349\"> XI Giornata della modellistica in ARIA(NET) <\/a><\/h3>\t\t\t\t\t\t\t\t  \t\n\t\t\t\t\t\t\t \t<div class=\"blog-date\">\n\t\t\t\t\t\t\t \t\t<span class=\"author\"><i class=\"fa fa-user\"><\/i> admin<\/span>\n\t\t\t\t\t\t\t \t\t<span class=\"date-post\"><i class=\"fa fa-calendar\"><\/i> 03\/05\/2024 <\/span>\t\t\t\t\t\t\t \t\t\n\t\t\t\t\t\t\t \t<\/div>\t\n\t\t\t\t\t\t\t \t\t\t\t\t \t\n\t\t\t\t\t\t\t<\/div>\t\t\t\t\t\n\t\t\t\t\t\t\t<div class=\"blog-desc\">\n\t\t\t\t\t\t\t\tGioved\u00ec 11 aprile 2024 si \u00e8 svolta l\u2019undicesima edizione della \u201cGiornata della modellistica in ARIA(NET)\u201d, l&#8217;evento annuale dedicato all\u2019incontro con gli utilizzatori...\n\t\t\t\t\t\t\t<\/div>\n\t\t\t\t\t\t\t<div class=\"blog-button\">\n\t\t\t\t\t\t\t\t<a href=\"https:\/\/old.aria-net.it\/it\/?post_type=post&p=11349\">Read More<\/a>\n\t\t\t\t\t\t\t<\/div>\n\t\t\t\t\t\t<\/div>\n\t\t\t\t\t<\/div>\t\t\n\t\t\t\t\t<div class=\"blog-item col-md-4 col-sm-12 col-xs-12\">\n\t\t\t\t\t\t<div class=\"bottom-shadow1\">\n\t\t\t\t\t\t\t<div class=\"blog-meta\">\n\t\t\t\t\t\t\t<h3 class=\"blog-title\"><a href=\"https:\/\/old.aria-net.it\/it\/?post_type=post&p=11159\"> X Giornata della modellistica in ARIA(NET) <\/a><\/h3>\t\t\t\t\t\t\t\t  \t\n\t\t\t\t\t\t\t \t<div class=\"blog-date\">\n\t\t\t\t\t\t\t \t\t<span class=\"author\"><i class=\"fa fa-user\"><\/i> admin<\/span>\n\t\t\t\t\t\t\t \t\t<span class=\"date-post\"><i class=\"fa fa-calendar\"><\/i> 24\/05\/2023 <\/span>\t\t\t\t\t\t\t \t\t\n\t\t\t\t\t\t\t \t<\/div>\t\n\t\t\t\t\t\t\t \t\t\t\t\t \t\n\t\t\t\t\t\t\t<\/div>\t\t\t\t\t\n\t\t\t\t\t\t\t<div class=\"blog-desc\">\n\t\t\t\t\t\t\t\t[vc_row][vc_column][vc_column_text]Il 29 marzo 2023 si \u00e8 svolta la decima edizione della &#8220;Giornata della modellistica in ARIA(NET)&#8221;, una giornata dedicata all\u2019incontro con gli...\n\t\t\t\t\t\t\t<\/div>\n\t\t\t\t\t\t\t<div class=\"blog-button\">\n\t\t\t\t\t\t\t\t<a href=\"https:\/\/old.aria-net.it\/it\/?post_type=post&p=11159\">Read More<\/a>\n\t\t\t\t\t\t\t<\/div>\n\t\t\t\t\t\t<\/div>\n\t\t\t\t\t<\/div>\t\t\n\t\t\t\t\t<div class=\"blog-item col-md-4 col-sm-12 col-xs-12\">\n\t\t\t\t\t\t<div class=\"bottom-shadow1\">\n\t\t\t\t\t\t\t<div class=\"blog-meta\">\n\t\t\t\t\t\t\t<h3 class=\"blog-title\"><a href=\"https:\/\/old.aria-net.it\/it\/?post_type=post&p=11011\"> IX Giornata della modellistica in ARIA(NET) <\/a><\/h3>\t\t\t\t\t\t\t\t  \t\n\t\t\t\t\t\t\t \t<div class=\"blog-date\">\n\t\t\t\t\t\t\t \t\t<span class=\"author\"><i class=\"fa fa-user\"><\/i> admin<\/span>\n\t\t\t\t\t\t\t \t\t<span class=\"date-post\"><i class=\"fa fa-calendar\"><\/i> 09\/05\/2022 <\/span>\t\t\t\t\t\t\t \t\t\n\t\t\t\t\t\t\t \t<\/div>\t\n\t\t\t\t\t\t\t \t\t\t\t\t \t\n\t\t\t\t\t\t\t<\/div>\t\t\t\t\t\n\t\t\t\t\t\t\t<div class=\"blog-desc\">\n\t\t\t\t\t\t\t\t[vc_row][vc_column][vc_column_text]La &#8220;IX Giornata della modellistica in ARIA(NET)&#8221; si \u00e8 appena conclusa ed anche quest&#8217;anno \u00e8 stata ricca di spunti e novit\u00e0. La...\n\t\t\t\t\t\t\t<\/div>\n\t\t\t\t\t\t\t<div class=\"blog-button\">\n\t\t\t\t\t\t\t\t<a href=\"https:\/\/old.aria-net.it\/it\/?post_type=post&p=11011\">Read More<\/a>\n\t\t\t\t\t\t\t<\/div>\n\t\t\t\t\t\t<\/div>\n\t\t\t\t\t<\/div>\t\t\n\t\t\t\t\t<div class=\"pagination-area\"><div class=\"nav-links\"><span aria-current=\"page\" class=\"page-numbers current\">1<\/span>\n<a class=\"page-numbers\" href=\"https:\/\/old.aria-net.it\/it\/wp-json\/wp\/v2\/pages\/8672\/page\/2\/\">2<\/a>\n<a class=\"page-numbers\" href=\"https:\/\/old.aria-net.it\/it\/wp-json\/wp\/v2\/pages\/8672\/page\/3\/\">3<\/a>\n<a class=\"page-numbers\" href=\"https:\/\/old.aria-net.it\/it\/wp-json\/wp\/v2\/pages\/8672\/page\/4\/\">4<\/a>\n<a class=\"next page-numbers\" href=\"https:\/\/old.aria-net.it\/it\/wp-json\/wp\/v2\/pages\/8672\/page\/2\/\">Successivo &raquo;<\/a><\/div><\/div><\/div><\/div>[\/vc_column][\/vc_row]<\/p>\n","protected":false},"excerpt":{"rendered":"<p>[vc_row][vc_column][\/vc_column]&#8230;<\/p>\n","protected":false},"author":1,"featured_media":0,"parent":2901,"menu_order":0,"comment_status":"closed","ping_status":"closed","template":"","meta":{"footnotes":""},"class_list":["post-8672","page","type-page","status-publish","hentry"],"_links":{"self":[{"href":"https:\/\/old.aria-net.it\/it\/wp-json\/wp\/v2\/pages\/8672","targetHints":{"allow":["GET"]}}],"collection":[{"href":"https:\/\/old.aria-net.it\/it\/wp-json\/wp\/v2\/pages"}],"about":[{"href":"https:\/\/old.aria-net.it\/it\/wp-json\/wp\/v2\/types\/page"}],"author":[{"embeddable":true,"href":"https:\/\/old.aria-net.it\/it\/wp-json\/wp\/v2\/users\/1"}],"replies":[{"embeddable":true,"href":"https:\/\/old.aria-net.it\/it\/wp-json\/wp\/v2\/comments?post=8672"}],"version-history":[{"count":4,"href":"https:\/\/old.aria-net.it\/it\/wp-json\/wp\/v2\/pages\/8672\/revisions"}],"predecessor-version":[{"id":9152,"href":"https:\/\/old.aria-net.it\/it\/wp-json\/wp\/v2\/pages\/8672\/revisions\/9152"}],"up":[{"embeddable":true,"href":"https:\/\/old.aria-net.it\/it\/wp-json\/wp\/v2\/pages\/2901"}],"wp:attachment":[{"href":"https:\/\/old.aria-net.it\/it\/wp-json\/wp\/v2\/media?parent=8672"}],"curies":[{"name":"wp","href":"https:\/\/api.w.org\/{rel}","templated":true}]}}