{"id":10528,"date":"2021-01-15T16:39:52","date_gmt":"2021-01-15T16:39:52","guid":{"rendered":"http:\/\/old.aria-net.it\/?page_id=10528"},"modified":"2021-01-15T16:48:17","modified_gmt":"2021-01-15T16:48:17","slug":"inventari-delle-emissioni","status":"publish","type":"page","link":"https:\/\/old.aria-net.it\/it\/aree-tematiche\/inventari-delle-emissioni\/","title":{"rendered":"Inventari delle Emissioni"},"content":{"rendered":"<p>[vc_row full_width=&#8221;stretch_row&#8221; parallax=&#8221;content-moving-fade&#8221; css=&#8221;.vc_custom_1610728904973{background-color: #ffffff !important;background-position: 0 0;background-repeat: no-repeat !important;}&#8221; el_class=&#8221;services-bg-image&#8221;][vc_column el_class=&#8221;all-section-title&#8221;][vc_column_text]Strumento fondamentale di conoscenza e di gestione della qualit\u00e0 dell\u2019aria, \u00e8 l\u2019inventario delle emissioni in atmosfera, che si propone come raccolta, aggiornabile, di informazioni e di dati di varia provenienza atti ad individuare le quantit\u00e0 e le tipologie degli inquinanti emessi dalle attivit\u00e0 presenti nel territorio in esame.<\/p>\n<p>La presenza di un certo inquinante all\u2019interno dell\u2019atmosfera \u00e8 il risultato delle interazioni tra attivit\u00e0 naturali ed antropiche presenti sul territorio ed il sistema di trasporto, diffusione e trasformazione di chimica di cui saranno oggetto una volta in atmosfera; la conoscenza delle emissioni (e delle loro fonti) risulta dunque essere fondamentale per il monitoraggio della qualit\u00e0 dell\u2019aria e per la conseguente individuazione delle politiche pi\u00f9 adeguate di risanamento della qualit\u00e0 dell\u2019aria.<\/p>\n<p>Un inventario delle emissioni \u00e8 dunque un catasto delle quantit\u00e0 di sostanze inquinanti rilasciate nell&#8217;ambiente. Potrebbe trattarsi di un inventario per un intero paese o solo una piccola area, costituito da un&#8217;ampia gamma di inquinanti o solo da pochi. I dati in un inventario delle emissioni consentono ai decisori politici di dare priorit\u00e0 alle opzioni per ridurre le emissioni e monitorare i progressi verso gli obiettivi di riduzione delle stesse.[\/vc_column_text][\/vc_column][\/vc_row][vc_row full_width=&#8221;stretch_row&#8221; parallax=&#8221;content-moving-fade&#8221; css=&#8221;.vc_custom_1610728881227{padding-top: 0px !important;padding-bottom: 0px !important;background-color: #ffffff !important;}&#8221; el_class=&#8221;services-bg-image&#8221;][vc_column width=&#8221;2\/3&#8243; el_class=&#8221;all-section-title&#8221;][vc_column_text]Disponendo di un inventario emissivo a scala spaziale maggiore rispetto all\u2019oggetto dello studio, \u00e8 possibile adottare un approccio top-down in grado di dettagliare il dato di partenza ad un livello territoriale pi\u00f9 fine tramite l\u2019uso di indicatori ausiliari, comunemente detti variabili surrogato o proxy, mentre nei casi in cui sia invece possibile recuperare informazioni dettagliate su singole attivit\u00e0 e\/o sorgenti, si procede ad una stima con un approccio bottom-up, che terr\u00e0 conto dei processi, degli indicatori di attivit\u00e0, delle tecnologie adottate e dei fattori di emissione pi\u00f9 recenti.<\/p>\n<p>ARIANET sar\u00e0 di supporto nella ricerca dei dati, nel controllo della loro coerenza, nella compilazione dell\u2019inventario\u00a0 e dei documenti relativi; in ogni fase della costruzione del catasto delle emissioni sar\u00e0 offerta l\u2019assistenza atta a formare il personale che dovr\u00e0 utilizzare al meglio tali strumenti, con una particolare attenzione alla pianificazione e gestione delle revisioni.[\/vc_column_text][\/vc_column][vc_column width=&#8221;1\/3&#8243;][vc_single_image image=&#8221;10070&#8243; img_size=&#8221;full&#8221;][\/vc_column][\/vc_row]<\/p>\n","protected":false},"excerpt":{"rendered":"<p>[vc_row full_width=&#8221;stretch_row&#8221; parallax=&#8221;content-moving-fade&#8221; css=&#8221;.vc_custom_1610728904973{background-color: #ffffff !important;background-position: 0 0;background-repeat: no-repeat !important;}&#8221; el_class=&#8221;services-bg-image&#8221;][vc_column el_class=&#8221;all-section-title&#8221;][vc_column_text]Strumento fondamentale di conoscenza e di gestione della qualit\u00e0 dell\u2019aria, \u00e8&#8230;<\/p>\n","protected":false},"author":1,"featured_media":0,"parent":8774,"menu_order":0,"comment_status":"closed","ping_status":"closed","template":"","meta":{"footnotes":""},"class_list":["post-10528","page","type-page","status-publish","hentry"],"_links":{"self":[{"href":"https:\/\/old.aria-net.it\/it\/wp-json\/wp\/v2\/pages\/10528","targetHints":{"allow":["GET"]}}],"collection":[{"href":"https:\/\/old.aria-net.it\/it\/wp-json\/wp\/v2\/pages"}],"about":[{"href":"https:\/\/old.aria-net.it\/it\/wp-json\/wp\/v2\/types\/page"}],"author":[{"embeddable":true,"href":"https:\/\/old.aria-net.it\/it\/wp-json\/wp\/v2\/users\/1"}],"replies":[{"embeddable":true,"href":"https:\/\/old.aria-net.it\/it\/wp-json\/wp\/v2\/comments?post=10528"}],"version-history":[{"count":5,"href":"https:\/\/old.aria-net.it\/it\/wp-json\/wp\/v2\/pages\/10528\/revisions"}],"predecessor-version":[{"id":10534,"href":"https:\/\/old.aria-net.it\/it\/wp-json\/wp\/v2\/pages\/10528\/revisions\/10534"}],"up":[{"embeddable":true,"href":"https:\/\/old.aria-net.it\/it\/wp-json\/wp\/v2\/pages\/8774"}],"wp:attachment":[{"href":"https:\/\/old.aria-net.it\/it\/wp-json\/wp\/v2\/media?parent=10528"}],"curies":[{"name":"wp","href":"https:\/\/api.w.org\/{rel}","templated":true}]}}