{"id":10456,"date":"2021-01-14T15:02:55","date_gmt":"2021-01-14T15:02:55","guid":{"rendered":"http:\/\/old.aria-net.it\/?page_id=10456"},"modified":"2021-01-16T15:18:31","modified_gmt":"2021-01-16T15:18:31","slug":"trefic","status":"publish","type":"page","link":"https:\/\/old.aria-net.it\/it\/prodotti\/trefic\/","title":{"rendered":"TREFIC"},"content":{"rendered":"<p>[vc_row][vc_column width=&#8221;1\/2&#8243;][vc_single_image image=&#8221;10405&#8243; img_size=&#8221;full&#8221; alignment=&#8221;center&#8221;][vc_single_image image=&#8221;10404&#8243; img_size=&#8221;full&#8221; onclick=&#8221;custom_link&#8221; img_link_target=&#8221;_blank&#8221; link=&#8221;https:\/\/www.ermes-group.eu\/web\/other_models&#8221;][\/vc_column][vc_column width=&#8221;1\/2&#8243;][vc_column_text]<b>TREFIC<\/b> <i>(road <\/i><i>TRaffic<\/i> <i>Improved<\/i> <i>Calculator<\/i><i>)<\/i> \u00e8 un modello delle emissioni da traffico stradale basato principalmente sulla metodologia ufficiale europea <b>COPERT<\/b>. Consente di stimare le emissioni del traffico stradale in funzione di diversi parametri: composizione del parco circolante, tipo di strada, velocit\u00e0 media di percorrenza, temperatura ambiente, pendenza, carico medio commerciali pesanti, degrado dovuto all\u2019et\u00e0, ecc. In aggiunta, TREFIC include algoritmi per il trattamento della <b>congestione stradale<\/b>, ci\u00f2 lo rende adatto a valutare le emissioni in situazioni di traffico caratterizzate da bassissima velocit\u00e0 di percorrenza e frequenti <i>\u00abstop and go\u00bb<\/i> (code semaforiche, barriere di pedaggio, ecc.).<\/p>\n<p>Tratta tutti i principali inquinanti: ossidi di azoto, monossido di carbonio, composti organici non metanici, gas serra, idrocarburi policiclici aromatici, metalli pesanti e molti altri microinquinanti.<\/p>\n<p>Relativamente alle polveri fini (PM10 e PM2.5), include il calcolo delle emissioni da <b>abrasione<\/b> di pneumatici, freni e manto stradale. Inoltre comprende il calcolo della <b>risospensione<\/b> (metodo US-EPA).<\/p>\n<p>TREFIC \u00e8 assai flessibile nel formato di output, pu\u00f2 essere alimentato con i risultati dei pi\u00f9 comuni modelli di assegnazione del traffico, e, oltre a essere commercializzato come prodotto <i>\u00abstand-alone\u00bb<\/i> \u00e8 completamente integrato con le altre componenti dei sistemi di simulazione di ARIANET.[\/vc_column_text][\/vc_column][\/vc_row][vc_row][vc_column][vc_btn title=&#8221;Tutti i prodotti&#8221; style=&#8221;custom&#8221; custom_background=&#8221;#004986&#8243; custom_text=&#8221;#ffffff&#8221; align=&#8221;center&#8221; i_icon_fontawesome=&#8221;fas fa-th&#8221; add_icon=&#8221;true&#8221; link=&#8221;url:http%3A%2F%2Fold.aria-net.it%2Fit%2Fprodotti%2F|title:Prodotti&#8221;][\/vc_column][\/vc_row]<\/p>\n","protected":false},"excerpt":{"rendered":"<p>[vc_row][vc_column width=&#8221;1\/2&#8243;][vc_single_image image=&#8221;10405&#8243; img_size=&#8221;full&#8221; alignment=&#8221;center&#8221;][vc_single_image image=&#8221;10404&#8243; img_size=&#8221;full&#8221; onclick=&#8221;custom_link&#8221; img_link_target=&#8221;_blank&#8221; link=&#8221;https:\/\/www.ermes-group.eu\/web\/other_models&#8221;][\/vc_column][vc_column width=&#8221;1\/2&#8243;][vc_column_text]TREFIC (road TRaffic Improved Calculator) \u00e8 un modello delle emissioni da traffico&#8230;<\/p>\n","protected":false},"author":1,"featured_media":0,"parent":8747,"menu_order":0,"comment_status":"closed","ping_status":"closed","template":"","meta":{"footnotes":""},"class_list":["post-10456","page","type-page","status-publish","hentry"],"_links":{"self":[{"href":"https:\/\/old.aria-net.it\/it\/wp-json\/wp\/v2\/pages\/10456","targetHints":{"allow":["GET"]}}],"collection":[{"href":"https:\/\/old.aria-net.it\/it\/wp-json\/wp\/v2\/pages"}],"about":[{"href":"https:\/\/old.aria-net.it\/it\/wp-json\/wp\/v2\/types\/page"}],"author":[{"embeddable":true,"href":"https:\/\/old.aria-net.it\/it\/wp-json\/wp\/v2\/users\/1"}],"replies":[{"embeddable":true,"href":"https:\/\/old.aria-net.it\/it\/wp-json\/wp\/v2\/comments?post=10456"}],"version-history":[{"count":5,"href":"https:\/\/old.aria-net.it\/it\/wp-json\/wp\/v2\/pages\/10456\/revisions"}],"predecessor-version":[{"id":10582,"href":"https:\/\/old.aria-net.it\/it\/wp-json\/wp\/v2\/pages\/10456\/revisions\/10582"}],"up":[{"embeddable":true,"href":"https:\/\/old.aria-net.it\/it\/wp-json\/wp\/v2\/pages\/8747"}],"wp:attachment":[{"href":"https:\/\/old.aria-net.it\/it\/wp-json\/wp\/v2\/media?parent=10456"}],"curies":[{"name":"wp","href":"https:\/\/api.w.org\/{rel}","templated":true}]}}