{"id":10381,"date":"2021-01-12T17:06:26","date_gmt":"2021-01-12T17:06:26","guid":{"rendered":"http:\/\/old.aria-net.it\/?page_id=10381"},"modified":"2021-01-24T16:30:41","modified_gmt":"2021-01-24T16:30:41","slug":"sistemi-di-trasporto","status":"publish","type":"page","link":"https:\/\/old.aria-net.it\/it\/aree-tematiche\/sistemi-di-trasporto\/","title":{"rendered":"Sistemi di Trasporto"},"content":{"rendered":"<p>[vc_row full_width=&#8221;stretch_row&#8221; parallax=&#8221;content-moving-fade&#8221; css=&#8221;.vc_custom_1611243357839{padding-top: 54px !important;background-color: #ffffff !important;background-position: 0 0;background-repeat: no-repeat !important;}&#8221; el_class=&#8221;services-bg-image&#8221; el_id=&#8221;studi-qualita-aria&#8221;][vc_column el_class=&#8221;all-section-title&#8221;][vc_column_text]I trasporti svolgono un ruolo essenziale nella societ\u00e0 e nell\u2019economia. La qualit\u00e0 della nostra vita dipende da un sistema di trasporti efficiente e accessibile. Allo stesso tempo i trasporti rappresentano una delle principali fonti di pressioni ambientali nel mondo contribuendo ai cambiamenti climatici e all\u2019inquinamento atmosferico. Le infrastrutture di trasporto occupano grandi fasce di suolo e contribuiscono all\u2019espansione urbana, alla frammentazione degli habitat e all\u2019impermeabilizzazione del suolo.[\/vc_column_text][\/vc_column][\/vc_row][vc_row full_width=&#8221;stretch_row&#8221; parallax=&#8221;content-moving-fade&#8221; css=&#8221;.vc_custom_1611243387641{padding-bottom: 70px !important;background-color: #ffffff !important;background-position: 0 0;background-repeat: no-repeat !important;}&#8221; el_class=&#8221;services-bg-image&#8221;][vc_column width=&#8221;1\/2&#8243; el_class=&#8221;all-section-title&#8221;][vc_column_text]I trasporti continuano a costituire anche una fonte significativa di inquinamento atmosferico, soprattutto nelle citt\u00e0. Gli inquinanti atmosferici, come il particolato (PM) e il biossido di azoto (NO2), danneggiano la salute umana e l\u2019ambiente. Sebbene l\u2019inquinamento atmosferico provocato dai trasporti sia diminuito nell\u2019ultimo decennio grazie all\u2019introduzione di norme di qualit\u00e0 per i carburanti, alle norme EURO sulle emissioni dei veicoli e all\u2019uso di tecnologie pi\u00f9 pulite, le concentrazioni di inquinanti atmosferici sono ancora troppo elevate.<\/p>\n<p>La riduzione degli effetti negativi dei trasporti rappresenta un importante obiettivo strategico. I principali filoni di attivit\u00e0 sono promuovere modalit\u00e0 di trasporto pi\u00f9 pulite e pi\u00f9 efficienti, impiegare tecnologie, carburanti e infrastrutture pi\u00f9 sostenibili e assicurare che il prezzi del trasporto\u00a0 rispecchi pienamente gli impatti negativi sull\u2019ambiente e sulla salute.<\/p>\n<p>Per questo ARIANET \u00e8 impegnata da sempre nella ricerca, nello sviluppo e nell\u2019applicazione di strumenti modellistici sempre pi\u00f9 sofisticati per la stima, il controllo, la previsione dei contributi dei mezzi di trasporto alla locale qualit\u00e0 dell\u2019aria.<\/p>\n<p>Per la stima delle emissioni del trasporto su strada \u00e8 disponibile <b><i>TREFIC<\/i><\/b> modello di emissione basata sulla metodologia europea COPERT. Il progetto H2020 <b><i>SESAR-CREATE<\/i><\/b> ci vede invece impegnati nell\u2019offrire supporto all\u2019ottimizzazione tattica \u00abgreen\u00bb delle traiettorie degli aerei in tutte le fasi del volo<i>. <\/i>Vari strumenti sistemi di stima e controllo dell\u2019impatto navale sono stati realizzati per l\u2019Italia e il Mondo.[\/vc_column_text][\/vc_column][vc_column width=&#8221;1\/2&#8243;][vc_single_image image=&#8221;10384&#8243; img_size=&#8221;full&#8221;][\/vc_column][\/vc_row][vc_row gap=&#8221;1&#8243; equal_height=&#8221;yes&#8221; content_placement=&#8221;top&#8221;][vc_column width=&#8221;1\/5&#8243;][vc_btn title=&#8221;Inventari&#8221; style=&#8221;custom&#8221; custom_background=&#8221;#004986&#8243; custom_text=&#8221;#ffffff&#8221; align=&#8221;center&#8221; button_block=&#8221;true&#8221; link=&#8221;url:http%3A%2F%2Fold.aria-net.it%2Fit%2Faree-tematiche%2Finventari-delle-emissioni%2F|title:Inventari%20delle%20Emissioni&#8221;][\/vc_column][vc_column width=&#8221;1\/5&#8243;][vc_btn title=&#8221;Porti e Aeroporti&#8221; style=&#8221;custom&#8221; custom_background=&#8221;#004986&#8243; custom_text=&#8221;#ffffff&#8221; align=&#8221;center&#8221; button_block=&#8221;true&#8221; link=&#8221;url:http%3A%2F%2Fold.aria-net.it%2Fit%2Faree-tematiche%2Fporti-ed-aeroporti%2F|title:Porti%20e%20Aeroporti&#8221;][\/vc_column][vc_column width=&#8221;1\/5&#8243;][vc_btn title=&#8221;Microscala&#8221; style=&#8221;custom&#8221; custom_background=&#8221;#004986&#8243; custom_text=&#8221;#ffffff&#8221; align=&#8221;center&#8221; button_block=&#8221;true&#8221; link=&#8221;url:http%3A%2F%2Fold.aria-net.it%2Fit%2Faree-tematiche%2Fmicroscala%2F|title:Microscala&#8221;][\/vc_column][vc_column width=&#8221;1\/5&#8243;][vc_btn title=&#8221;TREFIC&#8221; style=&#8221;custom&#8221; custom_background=&#8221;#004986&#8243; custom_text=&#8221;#ffffff&#8221; align=&#8221;center&#8221; button_block=&#8221;true&#8221; link=&#8221;url:http%3A%2F%2Fold.aria-net.it%2Fit%2Fprodotti%2Ftrefic%2F|title:TREFIC&#8221;][\/vc_column][vc_column width=&#8221;1\/5&#8243;][vc_btn title=&#8221;SPRAY&#8221; style=&#8221;custom&#8221; custom_background=&#8221;#004986&#8243; custom_text=&#8221;#ffffff&#8221; align=&#8221;center&#8221; button_block=&#8221;true&#8221; link=&#8221;url:http%3A%2F%2Fold.aria-net.it%2Fit%2Fprodotti%2Fspray%2F|title:SPRAY&#8221;][\/vc_column][\/vc_row]<\/p>\n","protected":false},"excerpt":{"rendered":"<p>[vc_row full_width=&#8221;stretch_row&#8221; parallax=&#8221;content-moving-fade&#8221; css=&#8221;.vc_custom_1611243357839{padding-top: 54px !important;background-color: #ffffff !important;background-position: 0 0;background-repeat: no-repeat !important;}&#8221; el_class=&#8221;services-bg-image&#8221; el_id=&#8221;studi-qualita-aria&#8221;][vc_column el_class=&#8221;all-section-title&#8221;][vc_column_text]I trasporti svolgono un ruolo essenziale nella societ\u00e0&#8230;<\/p>\n","protected":false},"author":1,"featured_media":0,"parent":8774,"menu_order":0,"comment_status":"closed","ping_status":"closed","template":"","meta":{"footnotes":""},"class_list":["post-10381","page","type-page","status-publish","hentry"],"_links":{"self":[{"href":"https:\/\/old.aria-net.it\/it\/wp-json\/wp\/v2\/pages\/10381","targetHints":{"allow":["GET"]}}],"collection":[{"href":"https:\/\/old.aria-net.it\/it\/wp-json\/wp\/v2\/pages"}],"about":[{"href":"https:\/\/old.aria-net.it\/it\/wp-json\/wp\/v2\/types\/page"}],"author":[{"embeddable":true,"href":"https:\/\/old.aria-net.it\/it\/wp-json\/wp\/v2\/users\/1"}],"replies":[{"embeddable":true,"href":"https:\/\/old.aria-net.it\/it\/wp-json\/wp\/v2\/comments?post=10381"}],"version-history":[{"count":16,"href":"https:\/\/old.aria-net.it\/it\/wp-json\/wp\/v2\/pages\/10381\/revisions"}],"predecessor-version":[{"id":10735,"href":"https:\/\/old.aria-net.it\/it\/wp-json\/wp\/v2\/pages\/10381\/revisions\/10735"}],"up":[{"embeddable":true,"href":"https:\/\/old.aria-net.it\/it\/wp-json\/wp\/v2\/pages\/8774"}],"wp:attachment":[{"href":"https:\/\/old.aria-net.it\/it\/wp-json\/wp\/v2\/media?parent=10381"}],"curies":[{"name":"wp","href":"https:\/\/api.w.org\/{rel}","templated":true}]}}